{"id":100,"date":"2025-03-26T13:27:03","date_gmt":"2025-03-26T12:27:03","guid":{"rendered":"https:\/\/rivesdutarnrunning.fr\/?page_id=100"},"modified":"2026-01-27T10:20:26","modified_gmt":"2026-01-27T09:20:26","slug":"reglement-2025-bdl","status":"publish","type":"page","link":"https:\/\/rivesdutarnrunning.fr\/index.php\/reglement-2025-bdl\/","title":{"rendered":"R\u00e8glement Balade Lucioles"},"content":{"rendered":"\n<p class=\"has-text-align-left\"><strong>Article 1 : Objet<\/strong><br>L\u2019association \u00ab Rives du Tarn Running \u00bb organise le vendredi 10 avril 2026 la 15\u00e8me \u00e9dition d\u2019une randonn\u00e9e nocturne appel\u00e9e la \u00ab Balade des Lucioles \u00bb se d\u00e9roulant sur la commune de Lagrave. Cette manifestation comporte deux parcours de pleine nature. Un parcours d\u2019environ 10 km et un parcours d\u2019environ 14 km. Ces randonn\u00e9es se d\u00e9roulent pour 80% sur chemins et sentiers et pour 20% sur routes communales.<\/p>\n\n\n\n<p><strong>Article 2 : Conditions de participation<\/strong><br>Cette manifestation est ouverte sans restriction \u00e0 toute personne majeure ou non. Les mineurs participent sous la responsabilit\u00e9 de leurs parents ou tout autre majeur d\u00e9sign\u00e9. <br>Les participants devront obligatoirement se munir d\u2019une lampe torche \/lampe frontale. Une tenue claire et r\u00e9fl\u00e9chissante est fortement conseill\u00e9e aux marcheurs.<\/p>\n\n\n\n<p><strong>Article 3 : D\u00e9parts<\/strong><br>Les d\u00e9parts seront \u00e9chelonn\u00e9s tous les quarts d\u2019heure, de 19h00 \u00e0 20h00, afin de fluidifier les parcours et les files d\u2019attente aux points de ravitaillement. Le d\u00e9part des attelages canins se fera au dernier d\u00e9part, \u00e0 20h00 (chiens tenus en laisse) Cette manifestation se d\u00e9roule \u00e0 allure libre sans classement ni chronom\u00e9trage.<\/p>\n\n\n\n<p><strong>Article 4 : Responsabilit\u00e9s et assurances<\/strong><br>L\u2019\u00e9preuve est couverte par une assurance responsabilit\u00e9 civile souscrite aupr\u00e8s de la MAIF (contrat n\u00b0 3607436K) par les organisateurs.<\/p>\n\n\n\n<p><strong>Article 5 : S\u00e9curit\u00e9<\/strong><br>L\u2019organisation mettra en place des signaleurs pour assurer la s\u00e9curit\u00e9 aux croisements et travers\u00e9es de routes. Les participants s\u2019engagent \u00e0 respecter le code de la route, ainsi que les consignes qui seront donn\u00e9es par les signaleurs post\u00e9s sur le parcours.<br>Une assistance m\u00e9dicale sera pr\u00e9vue au km 5 (au premier ravitaillement).<\/p>\n\n\n\n<p><strong>Article 6 : Accueil et inscriptions<\/strong><\/p>\n\n\n\n<ul class=\"wp-block-list\">\n<li>L\u2019\u00e9preuve est limit\u00e9e \u00e0 700 participants. A partir de cette ann\u00e9e, <strong><a href=\"https:\/\/www.helloasso.com\/associations\/les-rives-du-tarn-running\/evenements\/balade-des-lucioles-2026\" target=\"_blank\" rel=\"noreferrer noopener\">les inscriptions en ligne sont vivement conseill\u00e9es<\/a><\/strong>.<br>Les participants devront s\u2019inscrire en ligne sur le site Hello Asso (cliquer sur le QR-Code sur flyers et affiches) du 15<br>janvier au 8 avril 2026 (Heure limite : Minuit).<\/li>\n\n\n\n<li>Les inscriptions pourront \u00e9galement se faire sur site le vendredi 10 avril \u00e0 18h30, dans la limite des places disponibles.<br>Pour avoir la garantie de participer, l\u2019inscription en ligne est recommand\u00e9e.<\/li>\n\n\n\n<li>Les droits de participation sont de 7 euros par personne dont 1 ticket de tombola inclus dans ce tarif (Gratuit\u00e9 de<br>participation pour les enfants de moins de 12 ans, mais n\u2019incluant pas le ticket de tombola). Un euro per\u00e7u de chaque ticket<br>sera revers\u00e9 \u00e0 l\u2019ARSLA (Association de recherche pour la maladie de Charcot).<\/li>\n\n\n\n<li>D\u2019autres billets de tombola seront propos\u00e9s aux participants lors de leur inscription.<\/li>\n\n\n\n<li>Il sera remis aux participants lors de leur inscription un \u00e9cocup ainsi qu\u2019un bracelet. Celui-ci permettra d\u2019acc\u00e9der aux<br>ravitaillements sur le parcours ainsi qu\u2019\u00e0 la soupe \u00e0 l\u2019arriv\u00e9e de la manifestation.<\/li>\n<\/ul>\n\n\n\n<p><strong>Article 7 : Restaurations \/ Postes de ravitaillement<\/strong><br>Pour acc\u00e9der aux diff\u00e9rents ravitaillements, les participants devront pr\u00e9senter le bracelet donn\u00e9 \u00e0 l\u2019inscription et port\u00e9 autour du poignet :<\/p>\n\n\n\n<ul class=\"wp-block-list\">\n<li>Un ravitaillement mis en place au km 5.<\/li>\n\n\n\n<li>Un plus gros ravitaillement aux kms 7,5 ou 11,5 (selon le parcours choisi : 10 ou 14 kms)<\/li>\n\n\n\n<li>A l\u2019arriv\u00e9e, une soupe qui sera servie dans la salle des f\u00eates, lieu du r\u00e9sultat de la tombola.<\/li>\n<\/ul>\n\n\n\n<p><strong>Article 8 : Respect de la nature<\/strong><br>Les participants s\u2019engagent \u00e0 respecter la nature. Ne rien laisser sur les parcours. Ne pas pr\u00e9lever de v\u00e9g\u00e9taux. Ramasser les d\u00e9f\u00e9cations des chiens sur les routes, par leurs ma\u00eetres.<\/p>\n\n\n\n<p><strong>Article 9 : Avertissement<\/strong><br>En cas de force majeure ou de toute autre circonstance mettant en danger la s\u00e9curit\u00e9 des participants, l\u2019organisation se r\u00e9serve le droit de modifier le parcours, de stopper ou d\u2019annuler la manifestation.<\/p>\n\n\n\n<p><strong>Article 10 : Droit \u00e0 l\u2019image<\/strong><br>Les participants autorisent tacitement les organisateurs \u00e0 utiliser les images fixes ou audiovisuelles (sur lesquelles ils pourraient appara\u00eetre) prises \u00e0 l\u2019occasion de leur participation \u00e0 ces \u00e9preuves.<\/p>\n\n\n\n<p><strong>Article 11 : Annulation<\/strong><br>En cas d\u2019annulation de la manifestation (pour cas de forces majeures ind\u00e9pendantes de la volont\u00e9 de l\u2019\u00e9quipe organisatrice : intemp\u00e9ries ou autres\u2026), l\u2019inscription sera conserv\u00e9e et report\u00e9e \u00e0 l\u2019ann\u00e9e suivante.<\/p>\n\n\n\n<p><strong>Article 12 : Conclusion<\/strong><br>La participation \u00e0 l\u2019\u00e9v\u00e9nement \u00ab Balade des Lucioles \u00bb implique l\u2019acceptation pleine, enti\u00e8re et sans r\u00e9serves du pr\u00e9sent r\u00e8glement.<\/p>\n\n\n\n<p><\/p>\n","protected":false},"excerpt":{"rendered":"<p>Article 1 : ObjetL\u2019association \u00ab Rives du Tarn Running \u00bb organise le vendredi 10 avril 2026 la 15\u00e8me \u00e9dition d\u2019une randonn\u00e9e nocturne appel\u00e9e la \u00ab Balade des Lucioles \u00bb se d\u00e9roulant sur la commune de Lagrave. Cette manifestation comporte deux parcours de pleine nature. Un parcours d\u2019environ 10 km et un parcours d\u2019environ 14 km. [&hellip;]<\/p>\n","protected":false},"author":2,"featured_media":0,"parent":0,"menu_order":0,"comment_status":"closed","ping_status":"closed","template":"","meta":{"footnotes":""},"class_list":["post-100","page","type-page","status-publish","hentry"],"_links":{"self":[{"href":"https:\/\/rivesdutarnrunning.fr\/index.php\/wp-json\/wp\/v2\/pages\/100","targetHints":{"allow":["GET"]}}],"collection":[{"href":"https:\/\/rivesdutarnrunning.fr\/index.php\/wp-json\/wp\/v2\/pages"}],"about":[{"href":"https:\/\/rivesdutarnrunning.fr\/index.php\/wp-json\/wp\/v2\/types\/page"}],"author":[{"embeddable":true,"href":"https:\/\/rivesdutarnrunning.fr\/index.php\/wp-json\/wp\/v2\/users\/2"}],"replies":[{"embeddable":true,"href":"https:\/\/rivesdutarnrunning.fr\/index.php\/wp-json\/wp\/v2\/comments?post=100"}],"version-history":[{"count":10,"href":"https:\/\/rivesdutarnrunning.fr\/index.php\/wp-json\/wp\/v2\/pages\/100\/revisions"}],"predecessor-version":[{"id":361,"href":"https:\/\/rivesdutarnrunning.fr\/index.php\/wp-json\/wp\/v2\/pages\/100\/revisions\/361"}],"wp:attachment":[{"href":"https:\/\/rivesdutarnrunning.fr\/index.php\/wp-json\/wp\/v2\/media?parent=100"}],"curies":[{"name":"wp","href":"https:\/\/api.w.org\/{rel}","templated":true}]}}