{"id":103,"date":"2025-03-26T13:28:07","date_gmt":"2025-03-26T12:28:07","guid":{"rendered":"https:\/\/rivesdutarnrunning.fr\/?page_id=103"},"modified":"2025-04-28T15:33:06","modified_gmt":"2025-04-28T13:33:06","slug":"reglement-2025-cdr","status":"publish","type":"page","link":"https:\/\/rivesdutarnrunning.fr\/index.php\/reglement-2025-cdr\/","title":{"rendered":"R\u00e8glement 2025"},"content":{"rendered":"\n<p><mark style=\"background-color:#4caf52\" class=\"has-inline-color\">R\u00e8glement 2025 &#8211; Course des Rives<\/mark><\/p>\n\n\n\n<div style=\"height:29px\" aria-hidden=\"true\" class=\"wp-block-spacer\"><\/div>\n\n\n\n<p><strong>Article 1 : Objet<\/strong><\/p>\n\n\n\n<p>Les associations \u00ables Rives du Tarn Running\u00bb et \u00ab&nbsp;Happy Cross Dogs&nbsp;\u00bb organisent le Dimanche 23 novembre 2025 la troisi\u00e8me \u00e9dition de La Course des Rives.<\/p>\n\n\n\n<p>Cet \u00e9v\u00e9nement comporte 6 \u00e9preuves:<\/p>\n\n\n\n<p><\/p>\n\n\n\n<ul class=\"wp-block-list\">\n<li> une course nature d\u2019environ 15 km<\/li>\n\n\n\n<li> une course nature d\u2019environ 8 km<\/li>\n\n\n\n<li> une marche chronom\u00e9tr\u00e9e d\u2019environ 10 km<\/li>\n\n\n\n<li> une randonn\u00e9e d\u2019environ 10 km<\/li>\n\n\n\n<li> une cani-randonn\u00e9e d\u2019environ 10 km<\/li>\n\n\n\n<li> une course canicross d\u2019environ 8 km<\/li>\n<\/ul>\n\n\n\n<div style=\"height:30px\" aria-hidden=\"true\" class=\"wp-block-spacer\"><\/div>\n\n\n\n<p><strong>Article 2 : Parcours<\/strong><\/p>\n\n\n\n<p>Les courses nature, marche chronom\u00e9tr\u00e9e, randonn\u00e9e cani-randonn\u00e9e et canicross de 8, 10 et 15 km constituent 6 \u00e9preuves individuelles diff\u00e9rentes (chronom\u00e9tr\u00e9es ou pas).<br>Elles se d\u00e9roulent sur les routes, chemins et sentiers balis\u00e9s \u00e0 travers bois et vignes. Elles traversent le territoire des communes de Marssac sur Tarn, Castelnau de L\u00e9vis, Bernac et Labastide de L\u00e9vis.<br>Les parcours des \u00e9preuves empruntent des portions d\u2019itin\u00e9raire priv\u00e9es, sur des bandes herbeuses en bordure de cours d&rsquo;eau, sur des chemins de servitude, des parcelles cultivables et des vignes, exceptionnellement ouvertes pour la Course des Rives.<br>Les participants, pendant les p\u00e9riodes de reconnaissance ou de pr\u00e9paration s&rsquo;engagent \u00e0 ne pas les emprunter sans autorisation expresse. Et apr\u00e8s la course, les coureurs et randonneurs s\u2019engagent \u00e0 ne pas emprunter ni \u00e0 diffuser les diff\u00e9rents trajets.<br>Les organisateurs se r\u00e9servent le droit de modifier les parcours et les horaires le jour de la course en fonction des conditions du moment (m\u00e9t\u00e9o, mesures sanitaires \u2026).<\/p>\n\n\n\n<div style=\"height:30px\" aria-hidden=\"true\" class=\"wp-block-spacer\"><\/div>\n\n\n\n<p><strong>Article 3 : D\u00e9part \u2013 Arriv\u00e9e<\/strong><\/p>\n\n\n\n<p>Les d\u00e9parts et les arriv\u00e9es des \u00e9preuves se d\u00e9roulent le dimanche 23 novembre 2025 \u00e0 Marssac sur Tarn.<br>Les d\u00e9parts se feront Rue du Stade sauf pour le canicross (Parking St Barth\u00e9l\u00e9my)<br>https:\/\/maps.app.goo.gl\/sVKRx3XgFV3yvyLy6 ) et les arriv\u00e9es \u00e0 proximit\u00e9 de la salle des f\u00eates :<\/p>\n\n\n\n<p><\/p>\n\n\n\n<ul class=\"wp-block-list\">\n<li> 09h00 &#8211; d\u00e9part canicross (parking Saint-Barth\u00e9lemy)<\/li>\n\n\n\n<li> 09h15 &#8211; d\u00e9part randonn\u00e9es 10 km (marche chronom\u00e9tr\u00e9e et randonn\u00e9e non chronom\u00e9tr\u00e9e, cani-randonn\u00e9e)<\/li>\n\n\n\n<li> 10h00 &#8211; d\u00e9part course nature 15 km<\/li>\n\n\n\n<li> 10h15 &#8211; d\u00e9part course nature 8 km<\/li>\n<\/ul>\n\n\n\n<p><\/p>\n\n\n\n<p>A noter que les chiens ne sont pas admis dans l\u2019enceinte de la salle des f\u00eates.<\/p>\n\n\n\n<div style=\"height:30px\" aria-hidden=\"true\" class=\"wp-block-spacer\"><\/div>\n\n\n\n<p><strong>Article 4 : Conditions de participation<\/strong><\/p>\n\n\n\n<p>Art 4-1 : Course nature 15 km<br>Cette \u00e9preuve est ouverte \u00e0 toute personne licenci\u00e9e ou n\u00e9e en 2008 et avant.<br>Tous les participants doivent fournir lors de l&rsquo;inscription :<\/p>\n\n\n\n<p><\/p>\n\n\n\n<ul class=\"wp-block-list\">\n<li> soit une photocopie de leur licence FFA en cours de validit\u00e9 \u00e0 la date de la manifestation ;<\/li>\n\n\n\n<li> soit un Parcours de Pr\u00e9vention Sant\u00e9 (PPS) valide de moins de 3 mois \u00e0 la date de la manifestation.<\/li>\n<\/ul>\n\n\n\n<div style=\"height:30px\" aria-hidden=\"true\" class=\"wp-block-spacer\"><\/div>\n\n\n\n<p>Art 4-2 : Course nature 8 km<br>Cette \u00e9preuve est ouverte \u00e0 toute personne licenci\u00e9e ou n\u00e9e en 2010 et avant.<br>Les mineurs doivent obligatoirement pr\u00e9senter une autorisation parentale.<br>Tous les participants doivent fournir lors de l&rsquo;inscription :<\/p>\n\n\n\n<p><\/p>\n\n\n\n<ul class=\"wp-block-list\">\n<li> soit une photocopie de leur licence FFA en cours de validit\u00e9 \u00e0 la date de la manifestation ;<\/li>\n\n\n\n<li> soit un Parcours de Pr\u00e9vention Sant\u00e9 (PPS) valide de moins de 3 mois \u00e0 la date de la manifestation.<\/li>\n<\/ul>\n\n\n\n<div style=\"height:31px\" aria-hidden=\"true\" class=\"wp-block-spacer\"><\/div>\n\n\n\n<p>Art 4-3 : Randonn\u00e9e 10 km<br>La randonn\u00e9e est ouverte \u00e0 toute personne majeure sans restriction. Les mineurs doivent \u00eatre accompagn\u00e9s.<\/p>\n\n\n\n<div style=\"height:30px\" aria-hidden=\"true\" class=\"wp-block-spacer\"><\/div>\n\n\n\n<p>Art 4-4 : Marche chronom\u00e9tr\u00e9e 10 km<br>Cette \u00e9preuve est ouverte \u00e0 toute personne licenci\u00e9e ou n\u00e9e en 2008 et avant.<br>Tous les participants doivent fournir lors de l&rsquo;inscription :<\/p>\n\n\n\n<p><\/p>\n\n\n\n<ul class=\"wp-block-list\">\n<li> soit une photocopie de leur licence FFA en cours de validit\u00e9 \u00e0 la date de la manifestation ;<\/li>\n\n\n\n<li> soit un Parcours de Pr\u00e9vention Sant\u00e9 (PPS) valide de moins de 3 mois \u00e0 la date de la manifestation.<\/li>\n<\/ul>\n\n\n\n<div style=\"height:30px\" aria-hidden=\"true\" class=\"wp-block-spacer\"><\/div>\n\n\n\n<p>Art 4-5 : Cani-randonn\u00e9e 10 km<br>Les inscriptions sont ouvertes \u00e0 tout bin\u00f4me respectant la r\u00e9glementation FFSLC. Les inscriptions se font via le site de la FFSLC et seront valid\u00e9es uniquement lorsqu\u2019elles seront compl\u00e8tes, que le paiement sera effectu\u00e9 et que le passeport du chien sera valid\u00e9 par la commission v\u00e9t\u00e9rinaire.<\/p>\n\n\n\n<div style=\"height:28px\" aria-hidden=\"true\" class=\"wp-block-spacer\"><\/div>\n\n\n\n<p>Art 4-6 : Canicross 8 km<br>Les inscriptions sont ouvertes \u00e0 tout bin\u00f4me respectant la r\u00e9glementation FFSLC. Les inscriptions se font via le site de la FFSLC et seront valid\u00e9es uniquement lorsqu\u2019elles seront compl\u00e8tes, que le paiement sera effectu\u00e9 et que le passeport du chien sera valid\u00e9 par la commission v\u00e9t\u00e9rinaire.<\/p>\n\n\n\n<div style=\"height:30px\" aria-hidden=\"true\" class=\"wp-block-spacer\"><\/div>\n\n\n\n<p>Art 4-7&nbsp;: limitation du nombre de participants<br>Le canicross et la cani-randonn\u00e9e sont limit\u00e9s \u00e0 100 participants au global.<\/p>\n\n\n\n<div style=\"height:30px\" aria-hidden=\"true\" class=\"wp-block-spacer\"><\/div>\n\n\n\n<p><strong>Article 5 : Assurances<\/strong><\/p>\n\n\n\n<p>L&rsquo;\u00e9preuve est couverte par une assurance responsabilit\u00e9 civile souscrite aupr\u00e8s de la MAIF (contrat n\u00b0 3607436K et n\u00b0 4020656J) par les organisateurs. Les licenci\u00e9s b\u00e9n\u00e9ficient des garanties accord\u00e9es par l&rsquo;assurance li\u00e9e \u00e0 leur licence et il incombe aux autres participants de prendre une assurance individuelle accident s&rsquo;ils le souhaitent.<\/p>\n\n\n\n<div style=\"height:30px\" aria-hidden=\"true\" class=\"wp-block-spacer\"><\/div>\n\n\n\n<p><strong>Article 6 : Inscriptions<\/strong><\/p>\n\n\n\n<p>Art 6-1 : Courses nature 15 km et 8 km<br>Droit d\u2019inscription :<\/p>\n\n\n\n<p><\/p>\n\n\n\n<ul class=\"wp-block-list\">\n<li> Course nature d\u2019environ 15 km : 15 \u20ac<\/li>\n\n\n\n<li> Course nature d\u2019environ 8 km : 8 \u20ac<\/li>\n<\/ul>\n\n\n\n<p><\/p>\n\n\n\n<p>Les inscriptions se font en ligne sur le site www.chrono-start.fr \u00e0 partir du 25 ao\u00fbt 2025 :<\/p>\n\n\n\n<p><\/p>\n\n\n\n<ul class=\"wp-block-list\">\n<li> l&rsquo;inscription n\u2019est strictement valid\u00e9e que lorsque le dossier est complet (validation des PPS) ;<\/li>\n\n\n\n<li> le paiement ne justifie pas la validation&nbsp;;<\/li>\n<\/ul>\n\n\n\n<p><\/p>\n\n\n\n<p>La cl\u00f4ture des inscriptions est le 21 novembre 2025.<\/p>\n\n\n\n<div style=\"height:30px\" aria-hidden=\"true\" class=\"wp-block-spacer\"><\/div>\n\n\n\n<p>Art 6-2 : Randonn\u00e9e 10 km<br>Droit d\u2019inscription :<\/p>\n\n\n\n<p><\/p>\n\n\n\n<ul class=\"wp-block-list\">\n<li> randonn\u00e9e d\u2019environ 10 km non chronom\u00e9tr\u00e9e : 6 \u20ac<\/li>\n<\/ul>\n\n\n\n<p><\/p>\n\n\n\n<p>Les inscriptions se font selon deux possibilit\u00e9s :<\/p>\n\n\n\n<p><\/p>\n\n\n\n<ul class=\"wp-block-list\">\n<li> en ligne sur le site www.chrono-start.fr \u00e0 partir du 1 er septembre 2025&nbsp;;<\/li>\n\n\n\n<li> sur place \u00e0 la Salle des F\u00eates de Marssac le matin du 23 novembre 2025 (uniquement pour la randonn\u00e9e non chronom\u00e9tr\u00e9e)&nbsp;;<\/li>\n<\/ul>\n\n\n\n<p><\/p>\n\n\n\n<p>La cl\u00f4ture des inscriptions sur le site www.chrono-start.fr est le 21 novembre 2025.<\/p>\n\n\n\n<div style=\"height:30px\" aria-hidden=\"true\" class=\"wp-block-spacer\"><\/div>\n\n\n\n<p>Art 6-3 : Randonn\u00e9e chronom\u00e9tr\u00e9e 10 km<br>Droit d\u2019inscription : randonn\u00e9e d\u2019environ 10 km chronom\u00e9tr\u00e9e : 8 \u20ac<\/p>\n\n\n\n<p><\/p>\n\n\n\n<p>Les inscriptions se font en ligne sur le site www.chrono-start.fr \u00e0 partir du 1 er septembre 2025:<\/p>\n\n\n\n<p><\/p>\n\n\n\n<ul class=\"wp-block-list\">\n<li> l&rsquo;inscription n\u2019est strictement valid\u00e9e que lorsque le dossier est complet (validation des PPS)&nbsp;;<\/li>\n\n\n\n<li> le paiement ne justifie pas la validation&nbsp;;<\/li>\n<\/ul>\n\n\n\n<p><\/p>\n\n\n\n<p>La cl\u00f4ture des inscriptions sur le site www.chrono-start.fr est le 21 novembre 2025.<\/p>\n\n\n\n<div style=\"height:30px\" aria-hidden=\"true\" class=\"wp-block-spacer\"><\/div>\n\n\n\n<p>Art 6-4 : Cani-Randonn\u00e9e 10 km et Canicross 8 km<br>Droit d\u2019inscription :<br>Cani-randonn\u00e9e d\u2019environ 10 km : 8 \u20ac<br>Canicross d\u2019environ 8 km : 12 \u20ac<br>Les inscriptions se font en ligne sur le site https:\/\/courses.ffslc.fr\/map du 1er Juin 2025 au 16 novembre 2025.<\/p>\n\n\n\n<div style=\"height:30px\" aria-hidden=\"true\" class=\"wp-block-spacer\"><\/div>\n\n\n\n<p><strong>Article 7 : Dossards<\/strong><\/p>\n\n\n\n<p>Les dossards doivent \u00eatre retir\u00e9s \u00e0 la salle des F\u00eates de Marssac sur Tarn, soit le samedi 22 novembre 2025 de 16h00 \u00e0 18h00, soit le dimanche 23 novembre 2025 (matin des courses) \u00e0 partir de 7h30.<br>Chaque coureur doit porter son dossard bien en vue sur la poitrine. Le non-respect de cette consigne pourra entra\u00eener la disqualification du coureur. Les \u00e9pingles ne sont pas fournies.<br>Tout engagement est personnel. Aucun transfert d&rsquo;inscription n&rsquo;est autoris\u00e9 pour quelque motif que ce soit. Tout coureur r\u00e9troc\u00e9dant son dossard \u00e0 une tierce personne, sera reconnu responsable en cas d&rsquo;accident survenu ou provoqu\u00e9 par cette derni\u00e8re durant l&rsquo;\u00e9preuve. Tout coureur disposant d&rsquo;un dossard acquis en infraction avec le pr\u00e9sent r\u00e8glement sera disqualifi\u00e9. L&rsquo;organisation d\u00e9cline toute responsabilit\u00e9 en cas d&rsquo;accident face \u00e0 ce type de situation.<\/p>\n\n\n\n<div style=\"height:30px\" aria-hidden=\"true\" class=\"wp-block-spacer\"><\/div>\n\n\n\n<p><strong>Article 8 : Annulation d&rsquo;inscription<\/strong><\/p>\n\n\n\n<p>Toute annulation d&rsquo;inscription doit \u00eatre faite par mail \u00e0&nbsp;: course-des-rives@rivesdutarnrunning.fr<br>Aucune annulation ne sera prise par t\u00e9l\u00e9phone. Toute annulation avant le 30 octobre 2025 entra\u00eene 5 euros de frais de dossier. Les participants qui se d\u00e9sistent apr\u00e8s le 30 octobre 2025 ne seront pas rembours\u00e9s des frais engag\u00e9s.<\/p>\n\n\n\n<div style=\"height:30px\" aria-hidden=\"true\" class=\"wp-block-spacer\"><\/div>\n\n\n\n<p><strong>Article 9 : Ravitaillements<\/strong><\/p>\n\n\n\n<p>Les courses nature et la randonn\u00e9e se d\u00e9roulent en autosuffisance. Cependant, un ravitaillement \u00abl\u00e9ger\u00bb est pr\u00e9vu sur les parcours (Aucun gobelet ne sera distribu\u00e9 aux ravitaillements) :<\/p>\n\n\n\n<p><\/p>\n\n\n\n<ul class=\"wp-block-list\">\n<li> Ravitaillement n\u00b01 &#8211; La Soucari\u00e9 &#8211; Parcours 15 km (7\u00e8me kilom\u00e8tre parcouru)\n<ul class=\"wp-block-list\">\n<li>lon : 2.0112\u00b0 \/ lat : 43.948\u00b0<\/li>\n<\/ul>\n<\/li>\n\n\n\n<li> Ravitaillement n\u00b02 &#8211; Route des Pl\u00e9gades &#8211; Parcours 15km \/ 10km \/ 8km (11\u00e8me et 4\u00e8me kilom\u00e8tre parcouru)\n<ul class=\"wp-block-list\">\n<li>lon : 2.0353\u00b0 \/ lat : 43.9355\u00b0<\/li>\n<\/ul>\n<\/li>\n<\/ul>\n\n\n\n<p><\/p>\n\n\n\n<p>A l\u2019arriv\u00e9e, les concurrents pourront profiter d&rsquo;un ravitaillement \u00e0 la salle des f\u00eates de Marssac sur Tarn.<br>Pour les \u00e9preuves de cani-randonn\u00e9e et canicross, 4 points d\u2019eau seront positionn\u00e9s tous les 3 km environ :<\/p>\n\n\n\n<p><\/p>\n\n\n\n<ul class=\"wp-block-list\">\n<li> 1 au d\u00e9part du canicross&nbsp;;<\/li>\n\n\n\n<li> 1 au d\u00e9part de la cani-randonn\u00e9e, (\u00e9galement arriv\u00e9e commune des deux \u00e9preuves).<\/li>\n\n\n\n<li> 2 sur les parcours et communs aux 2 \u00e9preuves&nbsp;;<\/li>\n<\/ul>\n\n\n\n<div style=\"height:30px\" aria-hidden=\"true\" class=\"wp-block-spacer\"><\/div>\n\n\n\n<p><strong>Article 10 : Disqualification<\/strong><\/p>\n\n\n\n<p>Des contr\u00f4les volants sont r\u00e9alis\u00e9s sur les parcours pour v\u00e9rifier que les \u00e9preuves se d\u00e9roulent sans tricherie. Toutes tricheries relat\u00e9es par un signaleur ou un commissaire de course sont suivies d&rsquo;une disqualification.<br>Les organisateurs peuvent prononcer la disqualification d&rsquo;un concurrent pour tout manquement grave au r\u00e8glement, en particulier en cas de:<\/p>\n\n\n\n<p><\/p>\n\n\n\n<ul class=\"wp-block-list\">\n<li> jet de d\u00e9chets sur le parcours (vous devez garder les d\u00e9chets sur vous et les jeter \u00e0 l\u2019arriv\u00e9e)&nbsp;;<\/li>\n\n\n\n<li> port du dossard non conforme (le dossard doit \u00eatre port\u00e9 bien lisible)&nbsp;;<\/li>\n\n\n\n<li> non-respect du parcours&nbsp;;<\/li>\n\n\n\n<li> non-assistance \u00e0 un concurrent en difficult\u00e9&nbsp;;<\/li>\n\n\n\n<li> insultes, impolitesse ou menaces prof\u00e9r\u00e9es \u00e0 l&rsquo;encontre de tout membre de l&rsquo;organisation et de tout b\u00e9n\u00e9vole&nbsp;;<\/li>\n\n\n\n<li> d\u00e9gradation des lieux travers\u00e9s, de la flore, de la faune&nbsp;;<\/li>\n<\/ul>\n\n\n\n<p><\/p>\n\n\n\n<p>Les sanctions prononc\u00e9es par l&rsquo;organisation sont sans appel.<br>Les r\u00e8glements et tableaux de sanctions de la FFSLC s\u2019appliquent au canicross et \u00e0 la cani-randonn\u00e9e.<\/p>\n\n\n\n<div style=\"height:30px\" aria-hidden=\"true\" class=\"wp-block-spacer\"><\/div>\n\n\n\n<p><strong>Article 11 : Abandon<\/strong><\/p>\n\n\n\n<p>Sauf blessure, un coureur ne doit pas abandonner ailleurs que sur un point de signaleur ou de ravitaillement. Il doit alorsrendre son dossard et pr\u00e9venir le signaleur ou le responsable du poste de ravitaillement.<\/p>\n\n\n\n<div style=\"height:30px\" aria-hidden=\"true\" class=\"wp-block-spacer\"><\/div>\n\n\n\n<p><strong>Article 12 : Classement et r\u00e9compenses<\/strong><\/p>\n\n\n\n<p>Art 12-1 : Courses nature 15 km et 8 km.<br>Lors de l&rsquo;inscription, un cadeau de bienvenue est attribu\u00e9 \u00e0 chaque coureur.<br>R\u00e9compenses aux 3 premi\u00e8res f\u00e9minines et aux 3 premiers masculins de chaque course.<br>Un lot r\u00e9compensera \u00e9galement le club ou association le plus repr\u00e9sent\u00e9.<\/p>\n\n\n\n<div style=\"height:29px\" aria-hidden=\"true\" class=\"wp-block-spacer\"><\/div>\n\n\n\n<p>Art 12-2 : Randonn\u00e9e 10 km et Randonn\u00e9e chronom\u00e9tr\u00e9e 10 km.<br>Lors de l&rsquo;inscription, un cadeau de bienvenue est attribu\u00e9 \u00e0 chaque coureur.<\/p>\n\n\n\n<div style=\"height:30px\" aria-hidden=\"true\" class=\"wp-block-spacer\"><\/div>\n\n\n\n<p>Art 12-3: Cani-Randonn\u00e9e 10 km et Cani Cross 8 km.<br>Lors de l&rsquo;inscription, un cadeau de bienvenue est attribu\u00e9 \u00e0 chaque coureur.<br>R\u00e9compenses aux 3 premi\u00e8res f\u00e9minines et 3 premiers masculins du canicross.<\/p>\n\n\n\n<div style=\"height:30px\" aria-hidden=\"true\" class=\"wp-block-spacer\"><\/div>\n\n\n\n<p><strong>Article 13 : Cas de force majeure<\/strong><\/p>\n\n\n\n<p>En cas de force majeure, ou de toute autre circonstance mettant en danger la s\u00e9curit\u00e9 de l\u2019ensemble des participants, l&rsquo;organisation se r\u00e9serve le droit de modifier le parcours, de stopper ou d&rsquo;annuler les \u00e9preuves.<\/p>\n\n\n\n<div style=\"height:31px\" aria-hidden=\"true\" class=\"wp-block-spacer\"><\/div>\n\n\n\n<p><strong>Article 14 : Droit \u00e0 l&rsquo;image<\/strong><\/p>\n\n\n\n<p>Les participants autorisent tacitement les organisateurs \u00e0 utiliser les images fixes ou audiovisuelles sur lesquelles ils apparaissent, prises \u00e0 l&rsquo;occasion de leur participation aux \u00e9preuves.<\/p>\n\n\n\n<div style=\"height:30px\" aria-hidden=\"true\" class=\"wp-block-spacer\"><\/div>\n\n\n\n<p><strong>Article 15 : Responsabilit\u00e9<\/strong><\/p>\n\n\n\n<p>Les organisateurs d\u00e9clinent toute responsabilit\u00e9 quant aux vols ou accidents susceptibles de se produire dans le cadre de la manifestation. En aucun cas un concurrent ou accompagnateur ne peut faire valoir de droit quelconque vis-\u00e0-vis des organisateurs.<\/p>\n\n\n\n<div style=\"height:30px\" aria-hidden=\"true\" class=\"wp-block-spacer\"><\/div>\n\n\n\n<p><strong>Article 16 : Parking \u2013 Douches \u2013 WC<\/strong><\/p>\n\n\n\n<p>Les parkings sont indiqu\u00e9s par un fl\u00e9chage et par les signaleurs. Il est pr\u00e9conis\u00e9 de privil\u00e9gier le covoiturage pour se rendre \u00e0 la Course des Rives.<br>Des douches seront mises \u00e0 disposition.<br>Des toilettes seront \u00e9galement disponibles \u00e0 la salle des f\u00eates de Marssac sur Tarn et derri\u00e8re l\u2019\u00e9glise \u00e0 proximit\u00e9 du d\u00e9part.<\/p>\n\n\n\n<div style=\"height:30px\" aria-hidden=\"true\" class=\"wp-block-spacer\"><\/div>\n\n\n\n<p><strong>Article 17 : S\u00e9curit\u00e9<\/strong><\/p>\n\n\n\n<p>Les organisateurs mettent en place des signaleurs pour assurer la s\u00e9curit\u00e9 aux intersections et aux points sensibles.<br>Chaque concurrent s&rsquo;engage \u00e0 participer en respectant les r\u00e8gles habituelles du code de la route et \u00e0 se conformer aux indications des signaleurs.<br>Une assistance m\u00e9dicale sera dispos\u00e9e en plusieurs points des parcours. Elle se compose d&rsquo;un m\u00e9decin et de secouristes.<br>Les services m\u00e9dicaux peuvent d\u00e9cider de la mise hors course d&rsquo;un concurrent pour des raisons m\u00e9dicales.<\/p>\n\n\n\n<div style=\"height:30px\" aria-hidden=\"true\" class=\"wp-block-spacer\"><\/div>\n\n\n\n<p><strong>Article 18 : Repas d&rsquo;apr\u00e8s course<\/strong><\/p>\n\n\n\n<p>Un repas facultatif est propos\u00e9 apr\u00e8s la course aux participants et accompagnateurs \u00e0 la salle des f\u00eates de Marssac sur Tarn.<br>Le prix du repas d\u2019apr\u00e8s course est de 12 \u20ac par personne.<br>La r\u00e9servation des repas doit imp\u00e9rativement \u00eatre r\u00e9alis\u00e9e lors de l&rsquo;inscriptions sur le site Chronostart, et au plus tard le 15 novembre 2025 (cl\u00f4ture des inscriptions). Pour les canicrosseurs et canirandonneurs, l\u2019inscription au repas s\u2019effectue \u00e9galement sur le site Chronostart.<\/p>\n\n\n\n<div style=\"height:30px\" aria-hidden=\"true\" class=\"wp-block-spacer\"><\/div>\n\n\n\n<p><strong>Article 19 : Acceptation du r\u00e8glement<\/strong><\/p>\n\n\n\n<p>Les participants acceptent sans r\u00e9serve le pr\u00e9sent r\u00e8glement dans son int\u00e9gralit\u00e9.<\/p>\n\n\n\n<p>Le 12 avril 2025.<\/p>\n\n\n\n<div style=\"height:100px\" aria-hidden=\"true\" class=\"wp-block-spacer\"><\/div>\n\n\n\n<p><strong>Annexe 1<\/strong><\/p>\n\n\n\n<p>AUTORISATION PARENTALE<br>POUR UN PARTICIPANT MINEUR<\/p>\n\n\n\n<p>Je soussign\u00e9(e)<br>Nom et pr\u00e9nom:&nbsp;\u2026\u2026\u2026\u2026\u2026\u2026\u2026\u2026\u2026\u2026\u2026\u2026\u2026\u2026\u2026\u2026\u2026\u2026\u2026\u2026\u2026\u2026\u2026\u2026\u2026\u2026\u2026\u2026\u2026\u2026\u2026\u2026\u2026\u2026\u2026\u2026\u2026\u2026\u2026\u2026<\/p>\n\n\n\n<p>agissant en qualit\u00e9 de P\u00e8re, M\u00e8re ou Repr\u00e9sentant l\u00e9gal (rayer la mention inutile)<br>Autorise<\/p>\n\n\n\n<p>Nom et pr\u00e9nom: \u2026\u2026\u2026\u2026\u2026\u2026\u2026\u2026\u2026\u2026\u2026\u2026\u2026\u2026\u2026\u2026\u2026\u2026\u2026\u2026\u2026\u2026\u2026\u2026\u2026\u2026\u2026\u2026\u2026\u2026\u2026\u2026\u2026\u2026\u2026\u2026\u2026\u2026\u2026\u2026.<br>N\u00e9(e) le\u2026\u2026\u2026\u2026\u2026\u2026\u2026\u2026\u2026\u2026\u2026\u2026\u2026\u2026\u2026\u2026\u2026\u2026\u2026\u2026\u2026\u2026\u2026\u2026\u2026\u2026\u2026\u2026\u2026\u2026\u2026\u2026\u2026\u2026\u2026\u2026\u2026\u2026\u2026\u2026\u2026\u2026\u2026\u2026..<\/p>\n\n\n\n<p>A participer \u00e0 l\u2019\u00e9preuve de course \u00e0 pied nature de 8 km<\/p>\n\n\n\n<p>La Course des Rives<\/p>\n\n\n\n<p>organis\u00e9e par l\u2019association Les Rives du Tarn Running<\/p>\n\n\n\n<p>le Dimanche 23 novembre 2025<\/p>\n\n\n\n<p>Je donne l\u2019autorisation de soins sur mon enfant si cela s\u2019av\u00e9rait n\u00e9cessaire.<\/p>\n\n\n\n<p>DATE&nbsp;:\u2026\u2026\u2026\u2026\u2026\u2026\u2026\u2026\u2026\u2026\u2026\u2026\u2026\u2026\u2026\u2026\u2026\u2026\u2026\u2026\u2026\u2026\u2026\u2026\u2026\u2026\u2026\u2026\u2026\u2026\u2026\u2026\u2026\u2026\u2026\u2026\u2026\u2026\u2026\u2026\u2026\u2026\u2026\u2026.<br>.<\/p>\n\n\n\n<p>SIGNATURE :<\/p>\n\n\n\n<p><\/p>\n","protected":false},"excerpt":{"rendered":"<p>R\u00e8glement 2025 &#8211; Course des Rives Article 1 : Objet Les associations \u00ables Rives du Tarn Running\u00bb et \u00ab&nbsp;Happy Cross Dogs&nbsp;\u00bb organisent le Dimanche 23 novembre 2025 la troisi\u00e8me \u00e9dition de La Course des Rives. Cet \u00e9v\u00e9nement comporte 6 \u00e9preuves: Article 2 : Parcours Les courses nature, marche chronom\u00e9tr\u00e9e, randonn\u00e9e cani-randonn\u00e9e et canicross de 8, [&hellip;]<\/p>\n","protected":false},"author":2,"featured_media":0,"parent":0,"menu_order":0,"comment_status":"closed","ping_status":"closed","template":"","meta":{"footnotes":""},"class_list":["post-103","page","type-page","status-publish","hentry"],"_links":{"self":[{"href":"https:\/\/rivesdutarnrunning.fr\/index.php\/wp-json\/wp\/v2\/pages\/103","targetHints":{"allow":["GET"]}}],"collection":[{"href":"https:\/\/rivesdutarnrunning.fr\/index.php\/wp-json\/wp\/v2\/pages"}],"about":[{"href":"https:\/\/rivesdutarnrunning.fr\/index.php\/wp-json\/wp\/v2\/types\/page"}],"author":[{"embeddable":true,"href":"https:\/\/rivesdutarnrunning.fr\/index.php\/wp-json\/wp\/v2\/users\/2"}],"replies":[{"embeddable":true,"href":"https:\/\/rivesdutarnrunning.fr\/index.php\/wp-json\/wp\/v2\/comments?post=103"}],"version-history":[{"count":8,"href":"https:\/\/rivesdutarnrunning.fr\/index.php\/wp-json\/wp\/v2\/pages\/103\/revisions"}],"predecessor-version":[{"id":221,"href":"https:\/\/rivesdutarnrunning.fr\/index.php\/wp-json\/wp\/v2\/pages\/103\/revisions\/221"}],"wp:attachment":[{"href":"https:\/\/rivesdutarnrunning.fr\/index.php\/wp-json\/wp\/v2\/media?parent=103"}],"curies":[{"name":"wp","href":"https:\/\/api.w.org\/{rel}","templated":true}]}}