{"id":108,"date":"2025-03-26T13:30:53","date_gmt":"2025-03-26T12:30:53","guid":{"rendered":"https:\/\/rivesdutarnrunning.fr\/?page_id=108"},"modified":"2026-01-25T19:21:39","modified_gmt":"2026-01-25T18:21:39","slug":"infos-pratiques-bdl","status":"publish","type":"page","link":"https:\/\/rivesdutarnrunning.fr\/index.php\/infos-pratiques-bdl\/","title":{"rendered":"Infos pratiques"},"content":{"rendered":"\n<p>L\u2019association \u00ab Les Rives du Tarn Running \u00bb organise, pour sa 15\u00e8me \u00e9dition, une randonn\u00e9e p\u00e9destre nocturne \u00ab La balade des lucioles \u00bb le vendredi 10 avril 2026, avec des d\u00e9parts \u00e9chelonn\u00e9s de 19H00 \u00e0 20H00 (D\u00e9part de la salle des f\u00eates de Lagrave).<\/p>\n\n\n\n<p>L\u2019ann\u00e9e pass\u00e9e a \u00e9t\u00e9 marqu\u00e9e par un record de participation : 850 randonneurs. Pour garder l\u2019esprit initial de cette manifestation, familial et convivial, nous devons donc limiter le nombre de participants.<\/p>\n\n\n\n<p>Aussi pour la premi\u00e8re fois, nous limiterons \u00e0 700 le nombre de randonneurs. Il est donc vivement conseill\u00e9 de s\u2019inscrire en ligne sur le site HalloAsso (cliquer sur le lien ci-dessous ou scanner le QR Code sur le flyer permettant d\u2019acc\u00e9der \u00e0 la page d\u2019inscriptions). Les inscriptions sur site seront prises uniquement dans la limite des places restantes.<\/p>\n\n\n\n<p>lien : <a href=\"https:\/\/www.helloasso.com\/associations\/les-rives-du-tarn-running\/evenements\/balade-des-lucioles-2026?fbclid=IwZXh0bgNhZW0CMTAAYnJpZBEwRGNqbGtxTm5QTkJnVkduVnNydGMGYXBwX2lkEDIyMjAzOTE3ODgyMDA4OTIAAR60Pgc_ZrQnB-omnqnmtCF1Um08EppnPWfWHuF10I6yrt6FT6B6gPjXm-Hqug_aem_BPokTJXC1lgfBBCMMVgZIA\" rel=\"noreferrer noopener\" target=\"_blank\">https:\/\/www.helloasso.com\/&#8230;\/balade-des-lucioles-2026<\/a><\/p>\n\n\n<div class=\"wp-block-image\">\n<figure class=\"aligncenter size-full is-resized\"><img loading=\"lazy\" decoding=\"async\" width=\"480\" height=\"672\" src=\"https:\/\/rivesdutarnrunning.fr\/wp-content\/uploads\/2026\/01\/Lucioles2026.jpg\" alt=\"\" class=\"wp-image-347\" style=\"aspect-ratio:0.7142936073816233;width:712px;height:auto\" srcset=\"https:\/\/rivesdutarnrunning.fr\/wp-content\/uploads\/2026\/01\/Lucioles2026.jpg 480w, https:\/\/rivesdutarnrunning.fr\/wp-content\/uploads\/2026\/01\/Lucioles2026-214x300.jpg 214w\" sizes=\"auto, (max-width: 480px) 100vw, 480px\" \/><\/figure>\n<\/div>","protected":false},"excerpt":{"rendered":"<p>L\u2019association \u00ab Les Rives du Tarn Running \u00bb organise, pour sa 15\u00e8me \u00e9dition, une randonn\u00e9e p\u00e9destre nocturne \u00ab La balade des lucioles \u00bb le vendredi 10 avril 2026, avec des d\u00e9parts \u00e9chelonn\u00e9s de 19H00 \u00e0 20H00 (D\u00e9part de la salle des f\u00eates de Lagrave). L\u2019ann\u00e9e pass\u00e9e a \u00e9t\u00e9 marqu\u00e9e par un record de participation : [&hellip;]<\/p>\n","protected":false},"author":2,"featured_media":0,"parent":0,"menu_order":0,"comment_status":"closed","ping_status":"closed","template":"","meta":{"footnotes":""},"class_list":["post-108","page","type-page","status-publish","hentry"],"_links":{"self":[{"href":"https:\/\/rivesdutarnrunning.fr\/index.php\/wp-json\/wp\/v2\/pages\/108","targetHints":{"allow":["GET"]}}],"collection":[{"href":"https:\/\/rivesdutarnrunning.fr\/index.php\/wp-json\/wp\/v2\/pages"}],"about":[{"href":"https:\/\/rivesdutarnrunning.fr\/index.php\/wp-json\/wp\/v2\/types\/page"}],"author":[{"embeddable":true,"href":"https:\/\/rivesdutarnrunning.fr\/index.php\/wp-json\/wp\/v2\/users\/2"}],"replies":[{"embeddable":true,"href":"https:\/\/rivesdutarnrunning.fr\/index.php\/wp-json\/wp\/v2\/comments?post=108"}],"version-history":[{"count":6,"href":"https:\/\/rivesdutarnrunning.fr\/index.php\/wp-json\/wp\/v2\/pages\/108\/revisions"}],"predecessor-version":[{"id":351,"href":"https:\/\/rivesdutarnrunning.fr\/index.php\/wp-json\/wp\/v2\/pages\/108\/revisions\/351"}],"wp:attachment":[{"href":"https:\/\/rivesdutarnrunning.fr\/index.php\/wp-json\/wp\/v2\/media?parent=108"}],"curies":[{"name":"wp","href":"https:\/\/api.w.org\/{rel}","templated":true}]}}