{"id":111,"date":"2025-03-26T13:31:26","date_gmt":"2025-03-26T12:31:26","guid":{"rendered":"https:\/\/rivesdutarnrunning.fr\/?page_id=111"},"modified":"2025-11-20T12:21:42","modified_gmt":"2025-11-20T11:21:42","slug":"infos-pratiques-cdr","status":"publish","type":"page","link":"https:\/\/rivesdutarnrunning.fr\/index.php\/infos-pratiques-cdr\/","title":{"rendered":"Infos pratiques"},"content":{"rendered":"\n<p>Quelques informations pratiques pour une Course des Rives #3 r\u00e9ussie !<\/p>\n\n\n\n<div style=\"height:30px\" aria-hidden=\"true\" class=\"wp-block-spacer\"><\/div>\n\n\n\n<p class=\"has-text-align-right\"><strong><mark style=\"background-color:#4caf52\" class=\"has-inline-color\">Profil des parcours :<\/mark><\/strong><br><\/p>\n\n\n\n<div class=\"wp-block-columns is-layout-flex wp-container-core-columns-is-layout-9d6595d7 wp-block-columns-is-layout-flex\">\n<div class=\"wp-block-column is-layout-flow wp-block-column-is-layout-flow\" style=\"flex-basis:100%\">\n<div class=\"wp-block-columns alignfull is-layout-flex wp-container-core-columns-is-layout-9d6595d7 wp-block-columns-is-layout-flex\">\n<div class=\"wp-block-column is-layout-flow wp-block-column-is-layout-flow\" style=\"flex-basis:100%\">\n<figure class=\"wp-block-gallery alignright has-nested-images columns-default is-cropped wp-block-gallery-1 is-layout-flex wp-block-gallery-is-layout-flex\">\n<figure class=\"wp-block-image size-full\"><img loading=\"lazy\" decoding=\"async\" width=\"832\" height=\"560\" data-id=\"313\" src=\"https:\/\/rivesdutarnrunning.fr\/wp-content\/uploads\/2025\/11\/Capture-decran-2025-11-05-a-19.18.54.png\" alt=\"\" class=\"wp-image-313\" srcset=\"https:\/\/rivesdutarnrunning.fr\/wp-content\/uploads\/2025\/11\/Capture-decran-2025-11-05-a-19.18.54.png 832w, https:\/\/rivesdutarnrunning.fr\/wp-content\/uploads\/2025\/11\/Capture-decran-2025-11-05-a-19.18.54-300x202.png 300w, https:\/\/rivesdutarnrunning.fr\/wp-content\/uploads\/2025\/11\/Capture-decran-2025-11-05-a-19.18.54-768x517.png 768w\" sizes=\"auto, (max-width: 832px) 100vw, 832px\" \/><\/figure>\n<\/figure>\n<\/div>\n<\/div>\n<\/div>\n<\/div>\n\n\n\n<div style=\"height:30px\" aria-hidden=\"true\" class=\"wp-block-spacer\"><\/div>\n\n\n\n<p><\/p>\n\n\n\n<p><\/p>\n\n\n\n<p><\/p>\n\n\n\n<p><\/p>\n\n\n\n<p><strong><mark style=\"background-color:#4caf52\" class=\"has-inline-color\">Repas :<\/mark><\/strong><br>Le repas sera compos\u00e9 d&rsquo;une pa\u00eblla, de fromage, et dessert.<br>Il sera accompagn\u00e9 de pain, vin et caf\u00e9.<br><strong>Le prix du repas s&rsquo;\u00e9l\u00e8ve \u00e0 12\u20ac<\/strong>, r\u00e9servable sur <a href=\"https:\/\/chrono-start.com\/events\/course-des-rives\/\" data-type=\"link\" data-id=\"https:\/\/chrono-start.com\/events\/course-des-rives\/\">chrono-start<\/a>.<br><\/p>\n\n\n\n<figure class=\"wp-block-image size-full is-resized\"><img loading=\"lazy\" decoding=\"async\" width=\"1024\" height=\"683\" src=\"https:\/\/rivesdutarnrunning.fr\/wp-content\/uploads\/2025\/11\/image-3.png\" alt=\"\" class=\"wp-image-317\" style=\"width:393px;height:auto\" srcset=\"https:\/\/rivesdutarnrunning.fr\/wp-content\/uploads\/2025\/11\/image-3.png 1024w, https:\/\/rivesdutarnrunning.fr\/wp-content\/uploads\/2025\/11\/image-3-300x200.png 300w, https:\/\/rivesdutarnrunning.fr\/wp-content\/uploads\/2025\/11\/image-3-768x512.png 768w\" sizes=\"auto, (max-width: 1024px) 100vw, 1024px\" \/><\/figure>\n\n\n\n<div style=\"height:30px\" aria-hidden=\"true\" class=\"wp-block-spacer\"><\/div>\n\n\n\n<p class=\"has-text-align-right\"><strong><mark style=\"background-color:#4caf52\" class=\"has-inline-color\">Circulation et points d&rsquo;int\u00e9r\u00eats :<\/mark><\/strong><br>Les lieux utiles pour le jour de l&rsquo;\u00e9v\u00e9nement !<\/p>\n\n\n\n<figure class=\"wp-block-gallery has-nested-images columns-default is-cropped wp-block-gallery-2 is-layout-flex wp-block-gallery-is-layout-flex\">\n<figure class=\"wp-block-image size-full\"><img loading=\"lazy\" decoding=\"async\" width=\"672\" height=\"672\" data-id=\"326\" src=\"https:\/\/rivesdutarnrunning.fr\/wp-content\/uploads\/2025\/11\/Infos-pratiques.jpg\" alt=\"\" class=\"wp-image-326\" srcset=\"https:\/\/rivesdutarnrunning.fr\/wp-content\/uploads\/2025\/11\/Infos-pratiques.jpg 672w, https:\/\/rivesdutarnrunning.fr\/wp-content\/uploads\/2025\/11\/Infos-pratiques-300x300.jpg 300w, https:\/\/rivesdutarnrunning.fr\/wp-content\/uploads\/2025\/11\/Infos-pratiques-150x150.jpg 150w\" sizes=\"auto, (max-width: 672px) 100vw, 672px\" \/><\/figure>\n<\/figure>\n\n\n\n<p><\/p>\n\n\n\n<p class=\"has-text-align-right\"><\/p>\n\n\n\n<p><\/p>\n\n\n\n<p><\/p>\n\n\n\n<p><\/p>\n\n\n\n<p><\/p>\n\n\n\n<p><\/p>\n\n\n\n<p><\/p>\n\n\n\n<p><\/p>\n\n\n\n<div style=\"height:30px\" aria-hidden=\"true\" class=\"wp-block-spacer\"><\/div>\n\n\n<div class=\"wp-block-image\">\n<figure class=\"aligncenter size-large\"><img loading=\"lazy\" decoding=\"async\" width=\"724\" height=\"1024\" src=\"https:\/\/rivesdutarnrunning.fr\/wp-content\/uploads\/2025\/03\/Flyer_v1-724x1024.png\" alt=\"\" class=\"wp-image-208\" srcset=\"https:\/\/rivesdutarnrunning.fr\/wp-content\/uploads\/2025\/03\/Flyer_v1-724x1024.png 724w, https:\/\/rivesdutarnrunning.fr\/wp-content\/uploads\/2025\/03\/Flyer_v1-212x300.png 212w, https:\/\/rivesdutarnrunning.fr\/wp-content\/uploads\/2025\/03\/Flyer_v1-768x1086.png 768w, https:\/\/rivesdutarnrunning.fr\/wp-content\/uploads\/2025\/03\/Flyer_v1-1086x1536.png 1086w, https:\/\/rivesdutarnrunning.fr\/wp-content\/uploads\/2025\/03\/Flyer_v1.png 1414w\" sizes=\"auto, (max-width: 724px) 100vw, 724px\" \/><\/figure>\n<\/div>","protected":false},"excerpt":{"rendered":"<p>Quelques informations pratiques pour une Course des Rives #3 r\u00e9ussie ! Profil des parcours : Repas :Le repas sera compos\u00e9 d&rsquo;une pa\u00eblla, de fromage, et dessert.Il sera accompagn\u00e9 de pain, vin et caf\u00e9.Le prix du repas s&rsquo;\u00e9l\u00e8ve \u00e0 12\u20ac, r\u00e9servable sur chrono-start. Circulation et points d&rsquo;int\u00e9r\u00eats :Les lieux utiles pour le jour de l&rsquo;\u00e9v\u00e9nement !<\/p>\n","protected":false},"author":2,"featured_media":0,"parent":0,"menu_order":0,"comment_status":"closed","ping_status":"closed","template":"","meta":{"footnotes":""},"class_list":["post-111","page","type-page","status-publish","hentry"],"_links":{"self":[{"href":"https:\/\/rivesdutarnrunning.fr\/index.php\/wp-json\/wp\/v2\/pages\/111","targetHints":{"allow":["GET"]}}],"collection":[{"href":"https:\/\/rivesdutarnrunning.fr\/index.php\/wp-json\/wp\/v2\/pages"}],"about":[{"href":"https:\/\/rivesdutarnrunning.fr\/index.php\/wp-json\/wp\/v2\/types\/page"}],"author":[{"embeddable":true,"href":"https:\/\/rivesdutarnrunning.fr\/index.php\/wp-json\/wp\/v2\/users\/2"}],"replies":[{"embeddable":true,"href":"https:\/\/rivesdutarnrunning.fr\/index.php\/wp-json\/wp\/v2\/comments?post=111"}],"version-history":[{"count":16,"href":"https:\/\/rivesdutarnrunning.fr\/index.php\/wp-json\/wp\/v2\/pages\/111\/revisions"}],"predecessor-version":[{"id":327,"href":"https:\/\/rivesdutarnrunning.fr\/index.php\/wp-json\/wp\/v2\/pages\/111\/revisions\/327"}],"wp:attachment":[{"href":"https:\/\/rivesdutarnrunning.fr\/index.php\/wp-json\/wp\/v2\/media?parent=111"}],"curies":[{"name":"wp","href":"https:\/\/api.w.org\/{rel}","templated":true}]}}