{"id":120,"date":"2025-03-26T13:37:20","date_gmt":"2025-03-26T12:37:20","guid":{"rendered":"https:\/\/rivesdutarnrunning.fr\/?page_id=120"},"modified":"2025-03-27T10:32:41","modified_gmt":"2025-03-27T09:32:41","slug":"resultats-2025-dn","status":"publish","type":"page","link":"https:\/\/rivesdutarnrunning.fr\/index.php\/resultats-2025-dn\/","title":{"rendered":"R\u00e9sultats 2025"},"content":{"rendered":"\n<p><strong><mark style=\"background-color:#4caf52\" class=\"has-inline-color\">R\u00e9sultats 2025 &#8211; D\u00e9cath&rsquo;Night<\/mark><\/strong><br><br>R\u00e9sultats complets sur <a href=\"https:\/\/resultat.chrono-start.fr\/event\/1142\" data-type=\"link\" data-id=\"https:\/\/resultat.chrono-start.fr\/event\/1142\">chrono-start.com<\/a><\/p>\n\n\n\n<div style=\"height:30px\" aria-hidden=\"true\" class=\"wp-block-spacer\"><\/div>\n\n\n<div class=\"wp-block-image\">\n<figure class=\"aligncenter size-full\"><img loading=\"lazy\" decoding=\"async\" width=\"566\" height=\"578\" src=\"https:\/\/rivesdutarnrunning.fr\/wp-content\/uploads\/2025\/03\/image-7.png\" alt=\"\" class=\"wp-image-193\" srcset=\"https:\/\/rivesdutarnrunning.fr\/wp-content\/uploads\/2025\/03\/image-7.png 566w, https:\/\/rivesdutarnrunning.fr\/wp-content\/uploads\/2025\/03\/image-7-294x300.png 294w\" sizes=\"auto, (max-width: 566px) 100vw, 566px\" \/><\/figure>\n<\/div>","protected":false},"excerpt":{"rendered":"<p>R\u00e9sultats 2025 &#8211; D\u00e9cath&rsquo;Night R\u00e9sultats complets sur chrono-start.com<\/p>\n","protected":false},"author":2,"featured_media":0,"parent":0,"menu_order":0,"comment_status":"closed","ping_status":"closed","template":"","meta":{"footnotes":""},"class_list":["post-120","page","type-page","status-publish","hentry"],"_links":{"self":[{"href":"https:\/\/rivesdutarnrunning.fr\/index.php\/wp-json\/wp\/v2\/pages\/120","targetHints":{"allow":["GET"]}}],"collection":[{"href":"https:\/\/rivesdutarnrunning.fr\/index.php\/wp-json\/wp\/v2\/pages"}],"about":[{"href":"https:\/\/rivesdutarnrunning.fr\/index.php\/wp-json\/wp\/v2\/types\/page"}],"author":[{"embeddable":true,"href":"https:\/\/rivesdutarnrunning.fr\/index.php\/wp-json\/wp\/v2\/users\/2"}],"replies":[{"embeddable":true,"href":"https:\/\/rivesdutarnrunning.fr\/index.php\/wp-json\/wp\/v2\/comments?post=120"}],"version-history":[{"count":2,"href":"https:\/\/rivesdutarnrunning.fr\/index.php\/wp-json\/wp\/v2\/pages\/120\/revisions"}],"predecessor-version":[{"id":194,"href":"https:\/\/rivesdutarnrunning.fr\/index.php\/wp-json\/wp\/v2\/pages\/120\/revisions\/194"}],"wp:attachment":[{"href":"https:\/\/rivesdutarnrunning.fr\/index.php\/wp-json\/wp\/v2\/media?parent=120"}],"curies":[{"name":"wp","href":"https:\/\/api.w.org\/{rel}","templated":true}]}}